{"id":3273,"date":"2024-05-22T10:49:17","date_gmt":"2024-05-22T10:49:17","guid":{"rendered":"https:\/\/juststars.eu\/?post_type=product&#038;p=3273"},"modified":"2026-03-16T08:01:58","modified_gmt":"2026-03-16T08:01:58","slug":"ganesha","status":"publish","type":"product","link":"https:\/\/juststars.eu\/en\/product\/ganesha\/","title":{"rendered":"Ganesha"},"content":{"rendered":"<p>Our classic \u2013 the Ganesha design. For us, Christmas is Ganesha. With its timeless design and intense glow, it is the perfect decoration for anyone who likes classic things. The color-coordinated papers ensure a wonderful luminosity of each color.<\/p>","protected":false},"excerpt":{"rendered":"<p>Unser Klassiker &#8211; Das Ganesha-Design. F\u00fcr uns ist Weihnachten gleich Ganesha. Mit dem zeitlosen Design und intensivem Leuchten ist er die perfekte Dekoration f\u00fcr alle, die es klassisch m\u00f6gen. Die farblich aufeinander abgestimmten Papiere sorgen f\u00fcr eine wunderbare Leuchtkraft der jeweiligen Farbe.<\/p>\n[fusion_faq filters=\"no\" number_posts=\"-1\" post_status=\"\" cats_slug=\"ganesha,sterne\" exclude_cats=\"honolulu,neuro\" orderby=\"date\" order=\"ASC\" featured_image=\"\" type=\"\" inactive_icon=\"\" active_icon=\"\" margin_top=\"\" margin_right=\"\" margin_bottom=\"\" margin_left=\"\" hide_on_mobile=\"small-visibility,medium-visibility,large-visibility\" class=\"\" id=\"\" boxed_mode=\"\" border_size=\"\" border_color=\"\" hue=\"\" saturation=\"\" lightness=\"\" alpha=\"\" hover_color=\"\" background_color=\"\" divider_line=\"\" divider_hover_color=\"\" divider_color=\"\" padding_top=\"\" padding_right=\"\" padding_bottom=\"\" padding_left=\"\" title_tag=\"h4\" fusion_font_family_title_font=\"Franklin Gothic Book\" fusion_font_variant_title_font=\"400\" title_font_size=\"\" title_line_height=\"\" title_letter_spacing=\"\" title_text_transform=\"\" title_color=\"var(--awb-color8)\" icon_size=\"\" icon_color=\"\" icon_boxed_mode=\"\" icon_box_color=\"\" icon_alignment=\"\" fusion_font_family_content_font=\"Franklin Gothic Book\" fusion_font_variant_content_font=\"400\" content_font_size=\"\" content_line_height=\"\" content_letter_spacing=\"\" content_text_transform=\"\" content_color=\"var(--awb-color8)\" toggle_hover_accent_color=\"var(--awb-custom_color_1)\" toggle_active_accent_color=\"\"][\/fusion_faq]\n","protected":false},"featured_media":3336,"template":"","meta":[],"product_brand":[],"product_cat":[41],"product_tag":[],"class_list":{"0":"post-3273","1":"product","2":"type-product","3":"status-publish","4":"has-post-thumbnail","6":"product_cat-stars","8":"first","9":"outofstock","10":"taxable","11":"shipping-taxable","12":"purchasable","13":"product-type-variable","14":"has-default-attributes"},"yoast_head":"<!-- This site is optimized with the Yoast SEO plugin v27.5 - https:\/\/yoast.com\/product\/yoast-seo-wordpress\/ -->\n<title>Ganesha - justStars<\/title>\n<meta name=\"robots\" content=\"index, follow, max-snippet:-1, max-image-preview:large, max-video-preview:-1\" \/>\n<link rel=\"canonical\" href=\"https:\/\/juststars.eu\/en\/product\/ganesha\/\" \/>\n<meta property=\"og:locale\" content=\"en_GB\" \/>\n<meta property=\"og:type\" content=\"article\" \/>\n<meta property=\"og:title\" content=\"Ganesha - justStars\" \/>\n<meta property=\"og:description\" content=\"Unser Klassiker - Das Ganesha-Design. F\u00fcr uns ist Weihnachten gleich Ganesha. Mit dem zeitlosen Design und intensivem Leuchten ist er die perfekte Dekoration f\u00fcr alle, die es klassisch m\u00f6gen. Die farblich aufeinander abgestimmten Papiere sorgen f\u00fcr eine wunderbare Leuchtkraft der jeweiligen Farbe.\" \/>\n<meta property=\"og:url\" content=\"https:\/\/juststars.eu\/en\/product\/ganesha\/\" \/>\n<meta property=\"og:site_name\" content=\"justStars\" \/>\n<meta property=\"article:modified_time\" content=\"2026-03-16T08:01:58+00:00\" \/>\n<meta property=\"og:image\" content=\"https:\/\/juststars.eu\/wp-content\/uploads\/2024\/05\/GA-40-9-turquoise_glitter-final-Kopie.jpg\" \/>\n\t<meta property=\"og:image:width\" content=\"1772\" \/>\n\t<meta property=\"og:image:height\" content=\"1772\" \/>\n\t<meta property=\"og:image:type\" content=\"image\/jpeg\" \/>\n<meta name=\"twitter:card\" content=\"summary_large_image\" \/>\n<meta name=\"twitter:label1\" content=\"Estimated reading time\" \/>\n\t<meta name=\"twitter:data1\" content=\"1 minute\" \/>\n<script type=\"application\/ld+json\" class=\"yoast-schema-graph\">{\"@context\":\"https:\\\/\\\/schema.org\",\"@graph\":[{\"@type\":\"WebPage\",\"@id\":\"https:\\\/\\\/juststars.eu\\\/product\\\/ganesha\\\/\",\"url\":\"https:\\\/\\\/juststars.eu\\\/product\\\/ganesha\\\/\",\"name\":\"Ganesha - justStars\",\"isPartOf\":{\"@id\":\"https:\\\/\\\/juststars.eu\\\/#website\"},\"primaryImageOfPage\":{\"@id\":\"https:\\\/\\\/juststars.eu\\\/product\\\/ganesha\\\/#primaryimage\"},\"image\":{\"@id\":\"https:\\\/\\\/juststars.eu\\\/product\\\/ganesha\\\/#primaryimage\"},\"thumbnailUrl\":\"https:\\\/\\\/juststars.eu\\\/wp-content\\\/uploads\\\/2024\\\/05\\\/GA-40-9-turquoise_glitter-final-Kopie.jpg\",\"datePublished\":\"2024-05-22T10:49:17+00:00\",\"dateModified\":\"2026-03-16T08:01:58+00:00\",\"breadcrumb\":{\"@id\":\"https:\\\/\\\/juststars.eu\\\/product\\\/ganesha\\\/#breadcrumb\"},\"inLanguage\":\"en-GB\",\"potentialAction\":[{\"@type\":\"ReadAction\",\"target\":[\"https:\\\/\\\/juststars.eu\\\/product\\\/ganesha\\\/\"]}]},{\"@type\":\"ImageObject\",\"inLanguage\":\"en-GB\",\"@id\":\"https:\\\/\\\/juststars.eu\\\/product\\\/ganesha\\\/#primaryimage\",\"url\":\"https:\\\/\\\/juststars.eu\\\/wp-content\\\/uploads\\\/2024\\\/05\\\/GA-40-9-turquoise_glitter-final-Kopie.jpg\",\"contentUrl\":\"https:\\\/\\\/juststars.eu\\\/wp-content\\\/uploads\\\/2024\\\/05\\\/GA-40-9-turquoise_glitter-final-Kopie.jpg\",\"width\":1772,\"height\":1772},{\"@type\":\"BreadcrumbList\",\"@id\":\"https:\\\/\\\/juststars.eu\\\/product\\\/ganesha\\\/#breadcrumb\",\"itemListElement\":[{\"@type\":\"ListItem\",\"position\":1,\"name\":\"Home\",\"item\":\"https:\\\/\\\/juststars.eu\\\/\"},{\"@type\":\"ListItem\",\"position\":2,\"name\":\"Privat: Shop ( Cloned )\",\"item\":\"https:\\\/\\\/juststars.eu\\\/?page_id=3958\"},{\"@type\":\"ListItem\",\"position\":3,\"name\":\"Ganesha\"}]},{\"@type\":\"WebSite\",\"@id\":\"https:\\\/\\\/juststars.eu\\\/#website\",\"url\":\"https:\\\/\\\/juststars.eu\\\/\",\"name\":\"justStars\",\"description\":\"Make the World a brighter place\",\"potentialAction\":[{\"@type\":\"SearchAction\",\"target\":{\"@type\":\"EntryPoint\",\"urlTemplate\":\"https:\\\/\\\/juststars.eu\\\/?s={search_term_string}\"},\"query-input\":{\"@type\":\"PropertyValueSpecification\",\"valueRequired\":true,\"valueName\":\"search_term_string\"}}],\"inLanguage\":\"en-GB\"}]}<\/script>\n<!-- \/ Yoast SEO plugin. -->","yoast_head_json":{"title":"Ganesha - justStars","robots":{"index":"index","follow":"follow","max-snippet":"max-snippet:-1","max-image-preview":"max-image-preview:large","max-video-preview":"max-video-preview:-1"},"canonical":"https:\/\/juststars.eu\/en\/product\/ganesha\/","og_locale":"en_GB","og_type":"article","og_title":"Ganesha - justStars","og_description":"Unser Klassiker - Das Ganesha-Design. F\u00fcr uns ist Weihnachten gleich Ganesha. Mit dem zeitlosen Design und intensivem Leuchten ist er die perfekte Dekoration f\u00fcr alle, die es klassisch m\u00f6gen. Die farblich aufeinander abgestimmten Papiere sorgen f\u00fcr eine wunderbare Leuchtkraft der jeweiligen Farbe.","og_url":"https:\/\/juststars.eu\/en\/product\/ganesha\/","og_site_name":"justStars","article_modified_time":"2026-03-16T08:01:58+00:00","og_image":[{"width":1772,"height":1772,"url":"https:\/\/juststars.eu\/wp-content\/uploads\/2024\/05\/GA-40-9-turquoise_glitter-final-Kopie.jpg","type":"image\/jpeg"}],"twitter_card":"summary_large_image","twitter_misc":{"Estimated reading time":"1 minute"},"schema":{"@context":"https:\/\/schema.org","@graph":[{"@type":"WebPage","@id":"https:\/\/juststars.eu\/product\/ganesha\/","url":"https:\/\/juststars.eu\/product\/ganesha\/","name":"Ganesha - justStars","isPartOf":{"@id":"https:\/\/juststars.eu\/#website"},"primaryImageOfPage":{"@id":"https:\/\/juststars.eu\/product\/ganesha\/#primaryimage"},"image":{"@id":"https:\/\/juststars.eu\/product\/ganesha\/#primaryimage"},"thumbnailUrl":"https:\/\/juststars.eu\/wp-content\/uploads\/2024\/05\/GA-40-9-turquoise_glitter-final-Kopie.jpg","datePublished":"2024-05-22T10:49:17+00:00","dateModified":"2026-03-16T08:01:58+00:00","breadcrumb":{"@id":"https:\/\/juststars.eu\/product\/ganesha\/#breadcrumb"},"inLanguage":"en-GB","potentialAction":[{"@type":"ReadAction","target":["https:\/\/juststars.eu\/product\/ganesha\/"]}]},{"@type":"ImageObject","inLanguage":"en-GB","@id":"https:\/\/juststars.eu\/product\/ganesha\/#primaryimage","url":"https:\/\/juststars.eu\/wp-content\/uploads\/2024\/05\/GA-40-9-turquoise_glitter-final-Kopie.jpg","contentUrl":"https:\/\/juststars.eu\/wp-content\/uploads\/2024\/05\/GA-40-9-turquoise_glitter-final-Kopie.jpg","width":1772,"height":1772},{"@type":"BreadcrumbList","@id":"https:\/\/juststars.eu\/product\/ganesha\/#breadcrumb","itemListElement":[{"@type":"ListItem","position":1,"name":"Home","item":"https:\/\/juststars.eu\/"},{"@type":"ListItem","position":2,"name":"Privat: Shop ( Cloned )","item":"https:\/\/juststars.eu\/?page_id=3958"},{"@type":"ListItem","position":3,"name":"Ganesha"}]},{"@type":"WebSite","@id":"https:\/\/juststars.eu\/#website","url":"https:\/\/juststars.eu\/","name":"justStars","description":"Make the world a brighter place","potentialAction":[{"@type":"SearchAction","target":{"@type":"EntryPoint","urlTemplate":"https:\/\/juststars.eu\/?s={search_term_string}"},"query-input":{"@type":"PropertyValueSpecification","valueRequired":true,"valueName":"search_term_string"}}],"inLanguage":"en-GB"}]}},"_links":{"self":[{"href":"https:\/\/juststars.eu\/en\/wp-json\/wp\/v2\/product\/3273","targetHints":{"allow":["GET"]}}],"collection":[{"href":"https:\/\/juststars.eu\/en\/wp-json\/wp\/v2\/product"}],"about":[{"href":"https:\/\/juststars.eu\/en\/wp-json\/wp\/v2\/types\/product"}],"wp:featuredmedia":[{"embeddable":true,"href":"https:\/\/juststars.eu\/en\/wp-json\/wp\/v2\/media\/3336"}],"wp:attachment":[{"href":"https:\/\/juststars.eu\/en\/wp-json\/wp\/v2\/media?parent=3273"}],"wp:term":[{"taxonomy":"product_brand","embeddable":true,"href":"https:\/\/juststars.eu\/en\/wp-json\/wp\/v2\/product_brand?post=3273"},{"taxonomy":"product_cat","embeddable":true,"href":"https:\/\/juststars.eu\/en\/wp-json\/wp\/v2\/product_cat?post=3273"},{"taxonomy":"product_tag","embeddable":true,"href":"https:\/\/juststars.eu\/en\/wp-json\/wp\/v2\/product_tag?post=3273"}],"curies":[{"name":"wp","href":"https:\/\/api.w.org\/{rel}","templated":true}]}}